{"id":24,"date":"2024-02-13T08:04:41","date_gmt":"2024-02-13T08:04:41","guid":{"rendered":"https:\/\/xstore.8theme.com\/elementor3\/grocery-mega-market\/?page_id=5"},"modified":"2026-03-12T13:11:38","modified_gmt":"2026-03-12T13:11:38","slug":"home-grocery-mega-market","status":"publish","type":"page","link":"https:\/\/bivb-shop.eggcetera.agency\/","title":{"rendered":"Home grocery-mega-market"},"content":{"rendered":"\t\t<div data-elementor-type=\"wp-page\" data-elementor-id=\"24\" class=\"elementor elementor-24\" data-elementor-post-type=\"page\">\n\t\t\t\t<div class=\"elementor-element elementor-element-0f361d4 e-flex e-con-boxed e-con e-parent\" data-id=\"0f361d4\" data-element_type=\"container\" data-e-type=\"container\">\n\t\t\t\t\t<div class=\"e-con-inner\">\n\t\t\t\t<div class=\"elementor-element elementor-element-4a1dd2a elementor-widget-divider--view-line elementor-widget elementor-widget-divider\" data-id=\"4a1dd2a\" data-element_type=\"widget\" data-e-type=\"widget\" data-widget_type=\"divider.default\">\n\t\t\t\t\t\t\t<div class=\"elementor-divider\">\n\t\t\t<span class=\"elementor-divider-separator\">\n\t\t\t\t\t\t<\/span>\n\t\t<\/div>\n\t\t\t\t\t\t<\/div>\n\t\t\t\t<div class=\"elementor-element elementor-element-54c6666 elementor-widget elementor-widget-heading\" data-id=\"54c6666\" data-element_type=\"widget\" data-e-type=\"widget\" data-widget_type=\"heading.default\">\n\t\t\t\t\t<h1 class=\"elementor-heading-title elementor-size-default\">D\u00e9couvrez l'art du vin avec la Boutique des vins de Bourgogne<\/h1>\t\t\t\t<\/div>\n\t\t\t\t<div class=\"elementor-element elementor-element-6842f6c elementor-widget-divider--view-line elementor-widget elementor-widget-divider\" data-id=\"6842f6c\" data-element_type=\"widget\" data-e-type=\"widget\" data-widget_type=\"divider.default\">\n\t\t\t\t\t\t\t<div class=\"elementor-divider\">\n\t\t\t<span class=\"elementor-divider-separator\">\n\t\t\t\t\t\t<\/span>\n\t\t<\/div>\n\t\t\t\t\t\t<\/div>\n\t\t\t\t<div class=\"elementor-element elementor-element-c68cab3 elementor-widget elementor-widget-text-editor\" data-id=\"c68cab3\" data-element_type=\"widget\" data-e-type=\"widget\" data-widget_type=\"text-editor.default\">\n\t\t\t\t\t\t\t\t\t<p>Plongez dans l\u2019univers des <strong>grands crus<\/strong> et du <strong>savoir-faire bourguignon<\/strong> ! Que vous soyez <strong>amateur passionn\u00e9 ou professionnel<\/strong>, trouvez tout ce qu\u2019il vous faut pour <strong>servir, d\u00e9guster et c\u00e9l\u00e9brer le vin<\/strong> :<\/p><p>\u2714 <strong>Accessoires \u00e9l\u00e9gants<\/strong> : tire-bouchons, tabliers de sommelier, bouchons pour Cr\u00e9mant\u2026<\/p><p>\u2714 <strong>Supports p\u00e9dagogiques<\/strong> : brochures, cartes et posters pour explorer les <strong>terroirs et appellations<\/strong> embl\u00e9matiques.<\/p><p>\u2714 <strong>Id\u00e9es cadeaux<\/strong> : des produits <strong>authentiques et raffin\u00e9s<\/strong>, parfaits pour les amoureux du vin.<\/p><p>Les vins de Bourgogne, \u00e0 port\u00e9e de main.<\/p>\t\t\t\t\t\t\t\t<\/div>\n\t\t\t\t<div class=\"elementor-element elementor-element-1446512 elementor-widget-divider--view-line elementor-widget elementor-widget-divider\" data-id=\"1446512\" data-element_type=\"widget\" data-e-type=\"widget\" data-widget_type=\"divider.default\">\n\t\t\t\t\t\t\t<div class=\"elementor-divider\">\n\t\t\t<span class=\"elementor-divider-separator\">\n\t\t\t\t\t\t<\/span>\n\t\t<\/div>\n\t\t\t\t\t\t<\/div>\n\t\t\t\t\t<\/div>\n\t\t\t\t<\/div>\n\t\t<div class=\"elementor-element elementor-element-f01949a e-flex e-con-boxed e-con e-parent\" data-id=\"f01949a\" data-element_type=\"container\" data-e-type=\"container\">\n\t\t\t\t\t<div class=\"e-con-inner\">\n\t\t\t\t<div class=\"elementor-element elementor-element-67088b2 elementor-widget elementor-widget-etheme_categories\" data-id=\"67088b2\" data-element_type=\"widget\" data-e-type=\"widget\" data-widget_type=\"etheme_categories.default\">\n\t\t\t\t<div class=\"elementor-widget-container\">\n\t\t\t\t\t\t\t\t        <link rel=\"stylesheet\" href=\"https:\/\/bivb-shop.eggcetera.agency\/wp-content\/themes\/xstore\/css\/modules\/builders\/categories-carousel.min.css?ver=1.0\" type=\"text\/css\" media=\"all\" \/> \t\t\n                <div class=\"swiper-entry arrows-hover\">\n\n                    <div class=\" stop-on-hover slider-5501 categoriesCarousel swiper-container\" data-breakpoints=\"1\" data-xs-slides=\"1\" data-sm-slides=\"2\" data-md-slides=\"6\" data-lt-slides=\"6\" data-slides-per-view=\"6\" data-autoplay=\"3000\" data-speed=\"300\" data-space=\"30\" data-loop=\"true\">\n\t\t\t\t\t\t\n\t\t\t\t\t\t\n                        <div class=\"swiper-wrapper\">\n\t\t\t\t\t\t\t\n\t\t\t\t\t\t\t                                        <div class=\"swiper-slide\">\n\t\t\t\t\t\t\t\t\t    <div class=\"category-grid slide-item text-color-dark valign-center style-classic content-inside product-category product\"\t\tdata-hover=\"border-in\"data-content-hover=\"none\">\n\t\t<a aria-label=\"Acc\u00e9der \u00e0 la cat\u00e9gorie de produits Cartes\" href=\"https:\/\/bivb-shop.eggcetera.agency\/?product_cat=ca\"><div class=\"category-bg\" style=\"background-image: url(https:\/\/bivb-shop.eggcetera.agency\/wp-content\/uploads\/2026\/03\/GAM_2.jpg)\"><\/div><\/a>\n        <div class=\"categories-mask text-center text-uppercase\">\n\t\t\t\t\t\t\t<a aria-label=\"Acc\u00e9der \u00e0 la cat\u00e9gorie de produits Cartes\" href=\"https:\/\/bivb-shop.eggcetera.agency\/?product_cat=ca\">                    <h4>Cartes<\/h4>\n                    <\/a>\t\t\t\t\t\t\t\t\t\t        <\/div>\n\t\t\n\t\t    \n    \n    <\/div>\n\n                                        <\/div>\n\t\t\t\t\t\t\t\t\t                                        <div class=\"swiper-slide\">\n\t\t\t\t\t\t\t\t\t    <div class=\"category-grid slide-item text-color-dark valign-center style-classic content-inside product-category product last\"\t\tdata-hover=\"border-in\"data-content-hover=\"none\">\n\t\t<a aria-label=\"Acc\u00e9der \u00e0 la cat\u00e9gorie de produits Document p\u00e9dagogiques\" href=\"https:\/\/bivb-shop.eggcetera.agency\/?product_cat=doc\"><div class=\"category-bg\" style=\"background-image: url(https:\/\/bivb-shop.eggcetera.agency\/wp-content\/uploads\/2026\/03\/GAM_1.jpg)\"><\/div><\/a>\n        <div class=\"categories-mask text-center text-uppercase\">\n\t\t\t\t\t\t\t<a aria-label=\"Acc\u00e9der \u00e0 la cat\u00e9gorie de produits Document p\u00e9dagogiques\" href=\"https:\/\/bivb-shop.eggcetera.agency\/?product_cat=doc\">                    <h4>Document p\u00e9dagogiques<\/h4>\n                    <\/a>\t\t\t\t\t\t\t\t\t\t        <\/div>\n\t\t\n\t\t    \n    \n    <\/div>\n\n                                        <\/div>\n\t\t\t\t\t\t\t\t\t                                        <div class=\"swiper-slide\">\n\t\t\t\t\t\t\t\t\t    <div class=\"category-grid slide-item text-color-dark valign-center style-classic content-inside product-category product\"\t\tdata-hover=\"border-in\"data-content-hover=\"none\">\n\t\t<a aria-label=\"Acc\u00e9der \u00e0 la cat\u00e9gorie de produits Enfants\" href=\"https:\/\/bivb-shop.eggcetera.agency\/?product_cat=enf\"><div class=\"category-bg\" style=\"background-image: url(https:\/\/bivb-shop.eggcetera.agency\/wp-content\/uploads\/2026\/03\/GAM_31.jpg)\"><\/div><\/a>\n        <div class=\"categories-mask text-center text-uppercase\">\n\t\t\t\t\t\t\t<a aria-label=\"Acc\u00e9der \u00e0 la cat\u00e9gorie de produits Enfants\" href=\"https:\/\/bivb-shop.eggcetera.agency\/?product_cat=enf\">                    <h4>Enfants<\/h4>\n                    <\/a>\t\t\t\t\t\t\t\t\t\t        <\/div>\n\t\t\n\t\t    \n    \n    <\/div>\n\n                                        <\/div>\n\t\t\t\t\t\t\t\t\t                                        <div class=\"swiper-slide\">\n\t\t\t\t\t\t\t\t\t    <div class=\"category-grid slide-item text-color-dark valign-center style-classic content-inside product-category product last\"\t\tdata-hover=\"border-in\"data-content-hover=\"none\">\n\t\t<a aria-label=\"Acc\u00e9der \u00e0 la cat\u00e9gorie de produits Guide AOC\" href=\"https:\/\/bivb-shop.eggcetera.agency\/?product_cat=aoc\"><div class=\"category-bg\" style=\"background-image: url(https:\/\/bivb-shop.eggcetera.agency\/wp-content\/uploads\/2026\/03\/GAM_3.jpg)\"><\/div><\/a>\n        <div class=\"categories-mask text-center text-uppercase\">\n\t\t\t\t\t\t\t<a aria-label=\"Acc\u00e9der \u00e0 la cat\u00e9gorie de produits Guide AOC\" href=\"https:\/\/bivb-shop.eggcetera.agency\/?product_cat=aoc\">                    <h4>Guide AOC<\/h4>\n                    <\/a>\t\t\t\t\t\t\t\t\t\t        <\/div>\n\t\t\n\t\t    \n    \n    <\/div>\n\n                                        <\/div>\n\t\t\t\t\t\t\t\t\t                                        <div class=\"swiper-slide\">\n\t\t\t\t\t\t\t\t\t    <div class=\"category-grid slide-item text-color-dark valign-center style-classic content-inside product-category product\"\t\tdata-hover=\"border-in\"data-content-hover=\"none\">\n\t\t<a aria-label=\"Acc\u00e9der \u00e0 la cat\u00e9gorie de produits Posters\" href=\"https:\/\/bivb-shop.eggcetera.agency\/?product_cat=post\"><div class=\"category-bg\" style=\"background-image: url(https:\/\/bivb-shop.eggcetera.agency\/wp-content\/uploads\/2026\/03\/GAM_6.jpg)\"><\/div><\/a>\n        <div class=\"categories-mask text-center text-uppercase\">\n\t\t\t\t\t\t\t<a aria-label=\"Acc\u00e9der \u00e0 la cat\u00e9gorie de produits Posters\" href=\"https:\/\/bivb-shop.eggcetera.agency\/?product_cat=post\">                    <h4>Posters<\/h4>\n                    <\/a>\t\t\t\t\t\t\t\t\t\t        <\/div>\n\t\t\n\t\t    \n    \n    <\/div>\n\n                                        <\/div>\n\t\t\t\t\t\t\t\t\t                                        <div class=\"swiper-slide\">\n\t\t\t\t\t\t\t\t\t    <div class=\"category-grid slide-item text-color-dark valign-center style-classic content-inside product-category product last\"\t\tdata-hover=\"border-in\"data-content-hover=\"none\">\n\t\t<a aria-label=\"Acc\u00e9der \u00e0 la cat\u00e9gorie de produits Service du vin et cadeaux\" href=\"https:\/\/bivb-shop.eggcetera.agency\/?product_cat=obj\"><div class=\"category-bg\" style=\"background-image: url(https:\/\/bivb-shop.eggcetera.agency\/wp-content\/uploads\/2026\/03\/GAM_5.jpg)\"><\/div><\/a>\n        <div class=\"categories-mask text-center text-uppercase\">\n\t\t\t\t\t\t\t<a aria-label=\"Acc\u00e9der \u00e0 la cat\u00e9gorie de produits Service du vin et cadeaux\" href=\"https:\/\/bivb-shop.eggcetera.agency\/?product_cat=obj\">                    <h4>Service du vin et cadeaux<\/h4>\n                    <\/a>\t\t\t\t\t\t\t\t\t\t        <\/div>\n\t\t\n\t\t    \n    \n    <\/div>\n\n                                        <\/div>\n\t\t\t\t\t\t\t\t\t                        <\/div> \t\t\t\t\t\t\t\t\t\t\t\n\t\t\t\t\t\t\n                    <\/div> \t\t\t\t\t\n\t\t\t\t\t                        <div class=\"swiper-button-prev swiper-nav swiper-custom-left  et-swiper-elementor-nav type-arrow style-1\"><\/div>\n                        <div class=\"swiper-button-next swiper-nav swiper-custom-right  et-swiper-elementor-nav type-arrow style-1\"><\/div>\n\t\t\t\t\t\n                <\/div>                 \n                \t\t\t\t\n\t\t\t\t\t\t\t\t<\/div>\n\t\t\t\t<\/div>\n\t\t\t\t\t<\/div>\n\t\t\t\t<\/div>\n\t\t\t\t<\/div>\n\t\t","protected":false},"excerpt":{"rendered":"<p>D\u00e9couvrez l&rsquo;art du vin avec la Boutique des vins de Bourgogne Plongez dans l\u2019univers des grands crus et du savoir-faire bourguignon ! Que vous soyez&#8230;<\/p>\n","protected":false},"author":1,"featured_media":0,"parent":0,"menu_order":0,"comment_status":"closed","ping_status":"closed","template":"","meta":{"footnotes":""},"class_list":["post-24","page","type-page","status-publish","hentry"],"_links":{"self":[{"href":"https:\/\/bivb-shop.eggcetera.agency\/index.php?rest_route=\/wp\/v2\/pages\/24","targetHints":{"allow":["GET"]}}],"collection":[{"href":"https:\/\/bivb-shop.eggcetera.agency\/index.php?rest_route=\/wp\/v2\/pages"}],"about":[{"href":"https:\/\/bivb-shop.eggcetera.agency\/index.php?rest_route=\/wp\/v2\/types\/page"}],"author":[{"embeddable":true,"href":"https:\/\/bivb-shop.eggcetera.agency\/index.php?rest_route=\/wp\/v2\/users\/1"}],"replies":[{"embeddable":true,"href":"https:\/\/bivb-shop.eggcetera.agency\/index.php?rest_route=%2Fwp%2Fv2%2Fcomments&post=24"}],"version-history":[{"count":27,"href":"https:\/\/bivb-shop.eggcetera.agency\/index.php?rest_route=\/wp\/v2\/pages\/24\/revisions"}],"predecessor-version":[{"id":4137,"href":"https:\/\/bivb-shop.eggcetera.agency\/index.php?rest_route=\/wp\/v2\/pages\/24\/revisions\/4137"}],"wp:attachment":[{"href":"https:\/\/bivb-shop.eggcetera.agency\/index.php?rest_route=%2Fwp%2Fv2%2Fmedia&parent=24"}],"curies":[{"name":"wp","href":"https:\/\/api.w.org\/{rel}","templated":true}]}}