{"id":3108,"date":"2026-03-11T15:46:04","date_gmt":"2026-03-11T15:46:04","guid":{"rendered":"https:\/\/bivb-shop.eggcetera.agency\/?product=carte-cote-de-nuits-88-x-55-cm-plastifiee"},"modified":"2026-03-11T15:46:07","modified_gmt":"2026-03-11T15:46:07","slug":"carte-cote-de-nuits-88-x-55-cm-plastifiee","status":"publish","type":"product","link":"https:\/\/bivb-shop.eggcetera.agency\/?product=carte-cote-de-nuits-88-x-55-cm-plastifiee","title":{"rendered":"CARTE C\u00d4TE DE NUITS 88 X 55 CM &#8211; PLASTIFI\u00c9E"},"content":{"rendered":"<p>Carte des vins de C\u00f4te de Nuits plastifi\u00e9e<br \/>\ncollection Benoit France<\/p>\n<p>Caract\u00e9ristique :<\/p>\n<p>Format : 88 x 55 cm<\/p>\n<p>Grammage : 251g<\/p>\n","protected":false},"excerpt":{"rendered":"<p>Carte des vins de C\u00f4te de Nuits plastifi\u00e9e collection Benoit France Caract\u00e9ristique : Format : 88 x 55 cm Grammage : 251g<\/p>\n","protected":false},"featured_media":4081,"comment_status":"closed","ping_status":"open","template":"","meta":[],"etheme_brands":[],"product_brand":[],"product_cat":[88],"product_tag":[],"class_list":{"0":"post-3108","1":"product","2":"type-product","3":"status-publish","4":"has-post-thumbnail","6":"product_cat-ca","8":"first","9":"instock","10":"taxable","11":"shipping-taxable","12":"purchasable","13":"product-type-simple"},"_links":{"self":[{"href":"https:\/\/bivb-shop.eggcetera.agency\/index.php?rest_route=\/wp\/v2\/product\/3108","targetHints":{"allow":["GET"]}}],"collection":[{"href":"https:\/\/bivb-shop.eggcetera.agency\/index.php?rest_route=\/wp\/v2\/product"}],"about":[{"href":"https:\/\/bivb-shop.eggcetera.agency\/index.php?rest_route=\/wp\/v2\/types\/product"}],"replies":[{"embeddable":true,"href":"https:\/\/bivb-shop.eggcetera.agency\/index.php?rest_route=%2Fwp%2Fv2%2Fcomments&post=3108"}],"version-history":[{"count":2,"href":"https:\/\/bivb-shop.eggcetera.agency\/index.php?rest_route=\/wp\/v2\/product\/3108\/revisions"}],"predecessor-version":[{"id":3743,"href":"https:\/\/bivb-shop.eggcetera.agency\/index.php?rest_route=\/wp\/v2\/product\/3108\/revisions\/3743"}],"wp:featuredmedia":[{"embeddable":true,"href":"https:\/\/bivb-shop.eggcetera.agency\/index.php?rest_route=\/wp\/v2\/media\/4081"}],"wp:attachment":[{"href":"https:\/\/bivb-shop.eggcetera.agency\/index.php?rest_route=%2Fwp%2Fv2%2Fmedia&parent=3108"}],"wp:term":[{"taxonomy":"brand","embeddable":true,"href":"https:\/\/bivb-shop.eggcetera.agency\/index.php?rest_route=%2Fwp%2Fv2%2Fetheme_brands&post=3108"},{"taxonomy":"product_brand","embeddable":true,"href":"https:\/\/bivb-shop.eggcetera.agency\/index.php?rest_route=%2Fwp%2Fv2%2Fproduct_brand&post=3108"},{"taxonomy":"product_cat","embeddable":true,"href":"https:\/\/bivb-shop.eggcetera.agency\/index.php?rest_route=%2Fwp%2Fv2%2Fproduct_cat&post=3108"},{"taxonomy":"product_tag","embeddable":true,"href":"https:\/\/bivb-shop.eggcetera.agency\/index.php?rest_route=%2Fwp%2Fv2%2Fproduct_tag&post=3108"}],"curies":[{"name":"wp","href":"https:\/\/api.w.org\/{rel}","templated":true}]}}