{"id":3116,"date":"2026-03-11T15:46:04","date_gmt":"2026-03-11T15:46:04","guid":{"rendered":"https:\/\/bivb-shop.eggcetera.agency\/?product=carte-la-route-des-vins-de-bourgogne"},"modified":"2026-03-11T15:46:08","modified_gmt":"2026-03-11T15:46:08","slug":"carte-la-route-des-vins-de-bourgogne","status":"publish","type":"product","link":"https:\/\/bivb-shop.eggcetera.agency\/?product=carte-la-route-des-vins-de-bourgogne","title":{"rendered":"CARTE LA ROUTE DES VINS DE BOURGOGNE"},"content":{"rendered":"<p>Carte bilingue fran\u00e7ais-anglais. Au recto, le fond cartographique pour suivre les itin\u00e9raires des Routes des Vins et d\u00e9couvrir les nombreux sites tour<\/p>\n<p>Caract\u00e9ristique :<\/p>\n<p>Format : 10X21 pli\u00e9e- 70X84 OUVERT<\/p>\n<p>Grammage : 59g<\/p>\n","protected":false},"excerpt":{"rendered":"<p>Carte bilingue fran\u00e7ais-anglais. Au recto, le fond cartographique pour suivre les itin\u00e9raires des Routes des Vins et d\u00e9couvrir les nombreux sites tour Caract\u00e9ristique : Format&#8230;<\/p>\n","protected":false},"featured_media":4081,"comment_status":"closed","ping_status":"open","template":"","meta":[],"etheme_brands":[],"product_brand":[],"product_cat":[88],"product_tag":[],"class_list":{"0":"post-3116","1":"product","2":"type-product","3":"status-publish","4":"has-post-thumbnail","6":"product_cat-ca","8":"first","9":"outofstock","10":"taxable","11":"shipping-taxable","12":"purchasable","13":"product-type-simple"},"_links":{"self":[{"href":"https:\/\/bivb-shop.eggcetera.agency\/index.php?rest_route=\/wp\/v2\/product\/3116","targetHints":{"allow":["GET"]}}],"collection":[{"href":"https:\/\/bivb-shop.eggcetera.agency\/index.php?rest_route=\/wp\/v2\/product"}],"about":[{"href":"https:\/\/bivb-shop.eggcetera.agency\/index.php?rest_route=\/wp\/v2\/types\/product"}],"replies":[{"embeddable":true,"href":"https:\/\/bivb-shop.eggcetera.agency\/index.php?rest_route=%2Fwp%2Fv2%2Fcomments&post=3116"}],"version-history":[{"count":2,"href":"https:\/\/bivb-shop.eggcetera.agency\/index.php?rest_route=\/wp\/v2\/product\/3116\/revisions"}],"predecessor-version":[{"id":3747,"href":"https:\/\/bivb-shop.eggcetera.agency\/index.php?rest_route=\/wp\/v2\/product\/3116\/revisions\/3747"}],"wp:featuredmedia":[{"embeddable":true,"href":"https:\/\/bivb-shop.eggcetera.agency\/index.php?rest_route=\/wp\/v2\/media\/4081"}],"wp:attachment":[{"href":"https:\/\/bivb-shop.eggcetera.agency\/index.php?rest_route=%2Fwp%2Fv2%2Fmedia&parent=3116"}],"wp:term":[{"taxonomy":"brand","embeddable":true,"href":"https:\/\/bivb-shop.eggcetera.agency\/index.php?rest_route=%2Fwp%2Fv2%2Fetheme_brands&post=3116"},{"taxonomy":"product_brand","embeddable":true,"href":"https:\/\/bivb-shop.eggcetera.agency\/index.php?rest_route=%2Fwp%2Fv2%2Fproduct_brand&post=3116"},{"taxonomy":"product_cat","embeddable":true,"href":"https:\/\/bivb-shop.eggcetera.agency\/index.php?rest_route=%2Fwp%2Fv2%2Fproduct_cat&post=3116"},{"taxonomy":"product_tag","embeddable":true,"href":"https:\/\/bivb-shop.eggcetera.agency\/index.php?rest_route=%2Fwp%2Fv2%2Fproduct_tag&post=3116"}],"curies":[{"name":"wp","href":"https:\/\/api.w.org\/{rel}","templated":true}]}}