{"id":3118,"date":"2026-03-11T15:46:04","date_gmt":"2026-03-11T15:46:04","guid":{"rendered":"https:\/\/bivb-shop.eggcetera.agency\/?product=art-de-la-degustation"},"modified":"2026-03-11T15:46:08","modified_gmt":"2026-03-11T15:46:08","slug":"art-de-la-degustation","status":"publish","type":"product","link":"https:\/\/bivb-shop.eggcetera.agency\/?product=art-de-la-degustation","title":{"rendered":"ART DE LA D\u00c9GUSTATION"},"content":{"rendered":"<p>Brochure pr\u00e9sentant toutes les \u00e9tapes de la d\u00e9gustation des vins de Bourgogne. Pour commander plus de 50 exemplaires, merci de contacter bivb@bivb.com<\/p>\n<p>Caract\u00e9ristique :<\/p>\n<p>Format : 21,5 x 30,5 cm<\/p>\n<p>Grammage : 32g<\/p>\n","protected":false},"excerpt":{"rendered":"<p>Brochure pr\u00e9sentant toutes les \u00e9tapes de la d\u00e9gustation des vins de Bourgogne. Pour commander plus de 50 exemplaires, merci de contacter bivb@bivb.com Caract\u00e9ristique : Format&#8230;<\/p>\n","protected":false},"featured_media":4081,"comment_status":"closed","ping_status":"open","template":"","meta":[],"etheme_brands":[],"product_brand":[],"product_cat":[89],"product_tag":[],"class_list":{"0":"post-3118","1":"product","2":"type-product","3":"status-publish","4":"has-post-thumbnail","6":"product_cat-doc","8":"first","9":"instock","10":"taxable","11":"shipping-taxable","12":"purchasable","13":"product-type-simple"},"_links":{"self":[{"href":"https:\/\/bivb-shop.eggcetera.agency\/index.php?rest_route=\/wp\/v2\/product\/3118","targetHints":{"allow":["GET"]}}],"collection":[{"href":"https:\/\/bivb-shop.eggcetera.agency\/index.php?rest_route=\/wp\/v2\/product"}],"about":[{"href":"https:\/\/bivb-shop.eggcetera.agency\/index.php?rest_route=\/wp\/v2\/types\/product"}],"replies":[{"embeddable":true,"href":"https:\/\/bivb-shop.eggcetera.agency\/index.php?rest_route=%2Fwp%2Fv2%2Fcomments&post=3118"}],"version-history":[{"count":2,"href":"https:\/\/bivb-shop.eggcetera.agency\/index.php?rest_route=\/wp\/v2\/product\/3118\/revisions"}],"predecessor-version":[{"id":3748,"href":"https:\/\/bivb-shop.eggcetera.agency\/index.php?rest_route=\/wp\/v2\/product\/3118\/revisions\/3748"}],"wp:featuredmedia":[{"embeddable":true,"href":"https:\/\/bivb-shop.eggcetera.agency\/index.php?rest_route=\/wp\/v2\/media\/4081"}],"wp:attachment":[{"href":"https:\/\/bivb-shop.eggcetera.agency\/index.php?rest_route=%2Fwp%2Fv2%2Fmedia&parent=3118"}],"wp:term":[{"taxonomy":"brand","embeddable":true,"href":"https:\/\/bivb-shop.eggcetera.agency\/index.php?rest_route=%2Fwp%2Fv2%2Fetheme_brands&post=3118"},{"taxonomy":"product_brand","embeddable":true,"href":"https:\/\/bivb-shop.eggcetera.agency\/index.php?rest_route=%2Fwp%2Fv2%2Fproduct_brand&post=3118"},{"taxonomy":"product_cat","embeddable":true,"href":"https:\/\/bivb-shop.eggcetera.agency\/index.php?rest_route=%2Fwp%2Fv2%2Fproduct_cat&post=3118"},{"taxonomy":"product_tag","embeddable":true,"href":"https:\/\/bivb-shop.eggcetera.agency\/index.php?rest_route=%2Fwp%2Fv2%2Fproduct_tag&post=3118"}],"curies":[{"name":"wp","href":"https:\/\/api.w.org\/{rel}","templated":true}]}}