{"id":3162,"date":"2026-03-11T15:46:14","date_gmt":"2026-03-11T15:46:14","guid":{"rendered":"https:\/\/bivb-shop.eggcetera.agency\/?product=cravate-bourgogne-rouge"},"modified":"2026-03-11T15:46:19","modified_gmt":"2026-03-11T15:46:19","slug":"cravate-bourgogne-rouge","status":"publish","type":"product","link":"https:\/\/bivb-shop.eggcetera.agency\/?product=cravate-bourgogne-rouge","title":{"rendered":"CRAVATE BOURGOGNE ROUGE"},"content":{"rendered":"<p>NOUVEAU : Cravate de fabrication fran\u00e7aise, alliant modernit\u00e9 et finesse. Son tissu 100 % soie est tiss\u00e9 des 100 appellations des vins de Bourgogne.<\/p>\n<p>Caract\u00e9ristique :<\/p>\n<p>Format : <\/p>\n<p>Grammage : 85g<\/p>\n","protected":false},"excerpt":{"rendered":"<p>NOUVEAU : Cravate de fabrication fran\u00e7aise, alliant modernit\u00e9 et finesse. Son tissu 100 % soie est tiss\u00e9 des 100 appellations des vins de Bourgogne. Caract\u00e9ristique&#8230;<\/p>\n","protected":false},"featured_media":4081,"comment_status":"closed","ping_status":"open","template":"","meta":[],"etheme_brands":[],"product_brand":[],"product_cat":[92],"product_tag":[],"class_list":{"0":"post-3162","1":"product","2":"type-product","3":"status-publish","4":"has-post-thumbnail","6":"product_cat-obj","8":"first","9":"instock","10":"taxable","11":"shipping-taxable","12":"purchasable","13":"product-type-simple"},"_links":{"self":[{"href":"https:\/\/bivb-shop.eggcetera.agency\/index.php?rest_route=\/wp\/v2\/product\/3162","targetHints":{"allow":["GET"]}}],"collection":[{"href":"https:\/\/bivb-shop.eggcetera.agency\/index.php?rest_route=\/wp\/v2\/product"}],"about":[{"href":"https:\/\/bivb-shop.eggcetera.agency\/index.php?rest_route=\/wp\/v2\/types\/product"}],"replies":[{"embeddable":true,"href":"https:\/\/bivb-shop.eggcetera.agency\/index.php?rest_route=%2Fwp%2Fv2%2Fcomments&post=3162"}],"version-history":[{"count":2,"href":"https:\/\/bivb-shop.eggcetera.agency\/index.php?rest_route=\/wp\/v2\/product\/3162\/revisions"}],"predecessor-version":[{"id":3770,"href":"https:\/\/bivb-shop.eggcetera.agency\/index.php?rest_route=\/wp\/v2\/product\/3162\/revisions\/3770"}],"wp:featuredmedia":[{"embeddable":true,"href":"https:\/\/bivb-shop.eggcetera.agency\/index.php?rest_route=\/wp\/v2\/media\/4081"}],"wp:attachment":[{"href":"https:\/\/bivb-shop.eggcetera.agency\/index.php?rest_route=%2Fwp%2Fv2%2Fmedia&parent=3162"}],"wp:term":[{"taxonomy":"brand","embeddable":true,"href":"https:\/\/bivb-shop.eggcetera.agency\/index.php?rest_route=%2Fwp%2Fv2%2Fetheme_brands&post=3162"},{"taxonomy":"product_brand","embeddable":true,"href":"https:\/\/bivb-shop.eggcetera.agency\/index.php?rest_route=%2Fwp%2Fv2%2Fproduct_brand&post=3162"},{"taxonomy":"product_cat","embeddable":true,"href":"https:\/\/bivb-shop.eggcetera.agency\/index.php?rest_route=%2Fwp%2Fv2%2Fproduct_cat&post=3162"},{"taxonomy":"product_tag","embeddable":true,"href":"https:\/\/bivb-shop.eggcetera.agency\/index.php?rest_route=%2Fwp%2Fv2%2Fproduct_tag&post=3162"}],"curies":[{"name":"wp","href":"https:\/\/api.w.org\/{rel}","templated":true}]}}