{"id":3396,"date":"2026-03-11T15:47:11","date_gmt":"2026-03-11T15:47:11","guid":{"rendered":"https:\/\/bivb-shop.eggcetera.agency\/?product=auxey-duresses-anglais"},"modified":"2026-03-11T15:47:15","modified_gmt":"2026-03-11T15:47:15","slug":"auxey-duresses-anglais","status":"publish","type":"product","link":"https:\/\/bivb-shop.eggcetera.agency\/?product=auxey-duresses-anglais","title":{"rendered":"AUXEY-DURESSES &#8211; ANGLAIS"},"content":{"rendered":"<p>Tous les d\u00e9tails sur chaque appellation des Vins de Bourgogne : caract\u00e8res des vins, conseils du sommelier, la situation g\u00e9ographique, les terroirs\u2026<\/p>\n<p>Caract\u00e9ristique :<\/p>\n<p>Format : 10 x 21 cm<\/p>\n<p>Grammage : 3g<\/p>\n","protected":false},"excerpt":{"rendered":"<p>Tous les d\u00e9tails sur chaque appellation des Vins de Bourgogne : caract\u00e8res des vins, conseils du sommelier, la situation g\u00e9ographique, les terroirs\u2026 Caract\u00e9ristique : Format&#8230;<\/p>\n","protected":false},"featured_media":4081,"comment_status":"closed","ping_status":"open","template":"","meta":[],"etheme_brands":[],"product_brand":[],"product_cat":[90],"product_tag":[],"class_list":{"0":"post-3396","1":"product","2":"type-product","3":"status-publish","4":"has-post-thumbnail","6":"product_cat-aoc","8":"first","9":"instock","10":"taxable","11":"shipping-taxable","12":"purchasable","13":"product-type-simple"},"_links":{"self":[{"href":"https:\/\/bivb-shop.eggcetera.agency\/index.php?rest_route=\/wp\/v2\/product\/3396","targetHints":{"allow":["GET"]}}],"collection":[{"href":"https:\/\/bivb-shop.eggcetera.agency\/index.php?rest_route=\/wp\/v2\/product"}],"about":[{"href":"https:\/\/bivb-shop.eggcetera.agency\/index.php?rest_route=\/wp\/v2\/types\/product"}],"replies":[{"embeddable":true,"href":"https:\/\/bivb-shop.eggcetera.agency\/index.php?rest_route=%2Fwp%2Fv2%2Fcomments&post=3396"}],"version-history":[{"count":2,"href":"https:\/\/bivb-shop.eggcetera.agency\/index.php?rest_route=\/wp\/v2\/product\/3396\/revisions"}],"predecessor-version":[{"id":3887,"href":"https:\/\/bivb-shop.eggcetera.agency\/index.php?rest_route=\/wp\/v2\/product\/3396\/revisions\/3887"}],"wp:featuredmedia":[{"embeddable":true,"href":"https:\/\/bivb-shop.eggcetera.agency\/index.php?rest_route=\/wp\/v2\/media\/4081"}],"wp:attachment":[{"href":"https:\/\/bivb-shop.eggcetera.agency\/index.php?rest_route=%2Fwp%2Fv2%2Fmedia&parent=3396"}],"wp:term":[{"taxonomy":"brand","embeddable":true,"href":"https:\/\/bivb-shop.eggcetera.agency\/index.php?rest_route=%2Fwp%2Fv2%2Fetheme_brands&post=3396"},{"taxonomy":"product_brand","embeddable":true,"href":"https:\/\/bivb-shop.eggcetera.agency\/index.php?rest_route=%2Fwp%2Fv2%2Fproduct_brand&post=3396"},{"taxonomy":"product_cat","embeddable":true,"href":"https:\/\/bivb-shop.eggcetera.agency\/index.php?rest_route=%2Fwp%2Fv2%2Fproduct_cat&post=3396"},{"taxonomy":"product_tag","embeddable":true,"href":"https:\/\/bivb-shop.eggcetera.agency\/index.php?rest_route=%2Fwp%2Fv2%2Fproduct_tag&post=3396"}],"curies":[{"name":"wp","href":"https:\/\/api.w.org\/{rel}","templated":true}]}}