{"id":3708,"date":"2026-03-11T15:48:24","date_gmt":"2026-03-11T15:48:24","guid":{"rendered":"https:\/\/bivb-shop.eggcetera.agency\/?product=ethylotest-0-2-g-l"},"modified":"2026-03-11T15:48:27","modified_gmt":"2026-03-11T15:48:27","slug":"ethylotest-0-2-g-l","status":"publish","type":"product","link":"https:\/\/bivb-shop.eggcetera.agency\/?product=ethylotest-0-2-g-l","title":{"rendered":"ETHYLOTEST 0.2 G\/L"},"content":{"rendered":"<p>Ethylotest \u00e0 usage unique, avec message de pr\u00e9vention de la s\u00e9curit\u00e9 routi\u00e8re \u00ab\u00a0Soufflez, vous saurez\u00a0\u00bb. Pour plus de 50 ex, contacter bivb@com<\/p>\n<p>Caract\u00e9ristique :<\/p>\n<p>Format : <\/p>\n<p>Grammage : 17g<\/p>\n","protected":false},"excerpt":{"rendered":"<p>Ethylotest \u00e0 usage unique, avec message de pr\u00e9vention de la s\u00e9curit\u00e9 routi\u00e8re \u00ab\u00a0Soufflez, vous saurez\u00a0\u00bb. Pour plus de 50 ex, contacter bivb@com Caract\u00e9ristique : Format&#8230;<\/p>\n","protected":false},"featured_media":4081,"comment_status":"closed","ping_status":"open","template":"","meta":[],"etheme_brands":[],"product_brand":[],"product_cat":[92],"product_tag":[],"class_list":{"0":"post-3708","1":"product","2":"type-product","3":"status-publish","4":"has-post-thumbnail","6":"product_cat-obj","8":"first","9":"instock","10":"taxable","11":"shipping-taxable","12":"product-type-simple"},"_links":{"self":[{"href":"https:\/\/bivb-shop.eggcetera.agency\/index.php?rest_route=\/wp\/v2\/product\/3708","targetHints":{"allow":["GET"]}}],"collection":[{"href":"https:\/\/bivb-shop.eggcetera.agency\/index.php?rest_route=\/wp\/v2\/product"}],"about":[{"href":"https:\/\/bivb-shop.eggcetera.agency\/index.php?rest_route=\/wp\/v2\/types\/product"}],"replies":[{"embeddable":true,"href":"https:\/\/bivb-shop.eggcetera.agency\/index.php?rest_route=%2Fwp%2Fv2%2Fcomments&post=3708"}],"version-history":[{"count":2,"href":"https:\/\/bivb-shop.eggcetera.agency\/index.php?rest_route=\/wp\/v2\/product\/3708\/revisions"}],"predecessor-version":[{"id":4043,"href":"https:\/\/bivb-shop.eggcetera.agency\/index.php?rest_route=\/wp\/v2\/product\/3708\/revisions\/4043"}],"wp:featuredmedia":[{"embeddable":true,"href":"https:\/\/bivb-shop.eggcetera.agency\/index.php?rest_route=\/wp\/v2\/media\/4081"}],"wp:attachment":[{"href":"https:\/\/bivb-shop.eggcetera.agency\/index.php?rest_route=%2Fwp%2Fv2%2Fmedia&parent=3708"}],"wp:term":[{"taxonomy":"brand","embeddable":true,"href":"https:\/\/bivb-shop.eggcetera.agency\/index.php?rest_route=%2Fwp%2Fv2%2Fetheme_brands&post=3708"},{"taxonomy":"product_brand","embeddable":true,"href":"https:\/\/bivb-shop.eggcetera.agency\/index.php?rest_route=%2Fwp%2Fv2%2Fproduct_brand&post=3708"},{"taxonomy":"product_cat","embeddable":true,"href":"https:\/\/bivb-shop.eggcetera.agency\/index.php?rest_route=%2Fwp%2Fv2%2Fproduct_cat&post=3708"},{"taxonomy":"product_tag","embeddable":true,"href":"https:\/\/bivb-shop.eggcetera.agency\/index.php?rest_route=%2Fwp%2Fv2%2Fproduct_tag&post=3708"}],"curies":[{"name":"wp","href":"https:\/\/api.w.org\/{rel}","templated":true}]}}